{"id":3,"date":"2024-10-20T15:29:25","date_gmt":"2024-10-20T15:29:25","guid":{"rendered":"https:\/\/edithermkens.com\/?page_id=3"},"modified":"2025-03-10T10:36:49","modified_gmt":"2025-03-10T09:36:49","slug":"privacy-policy","status":"publish","type":"page","link":"https:\/\/edithermkens.com\/hu\/privacy-policy\/","title":{"rendered":"Adatkezel\u00e9si Szab\u00e1lyzat"},"content":{"rendered":"<div data-elementor-type=\"wp-page\" data-elementor-id=\"3\" class=\"elementor elementor-3\" data-elementor-post-type=\"page\">\n\t\t\t\t<div class=\"elementor-element elementor-element-32a25fc e-flex e-con-boxed e-con e-parent\" data-id=\"32a25fc\" data-element_type=\"container\">\n\t\t\t\t\t<div class=\"e-con-inner\">\n\t\t\t\t<div class=\"elementor-element elementor-element-38f8c3b elementor-widget elementor-widget-qi_addons_for_elementor_section_title\" data-id=\"38f8c3b\" data-element_type=\"widget\" data-widget_type=\"qi_addons_for_elementor_section_title.default\">\n\t\t\t\t<div class=\"elementor-widget-container\">\n\t\t\t\t\t<div class=\"qodef-shortcode qodef-m qodef-qi-section-title qodef-decoration--italic qodef-link--underline-draw qodef-subtitle-icon--left\">\n\t\t\t<h1 class=\"qodef-m-title\">\n\t\tAdatkezel\u00e9si Szab\u00e1lyzat\t<\/h1>\n\t\t\t\t\t\t<\/div>\n\t\t\t\t<\/div>\n\t\t\t\t<\/div>\n\t\t\t\t\t<\/div>\n\t\t\t\t<\/div>\n\t\t<div class=\"elementor-element elementor-element-3a53fe2a e-flex e-con-boxed e-con e-parent\" data-id=\"3a53fe2a\" data-element_type=\"container\">\n\t\t\t\t\t<div class=\"e-con-inner\">\n\t\t\t\t<div class=\"elementor-element elementor-element-37f8588d elementor-widget elementor-widget-text-editor\" data-id=\"37f8588d\" data-element_type=\"widget\" data-widget_type=\"text-editor.default\">\n\t\t\t\t<div class=\"elementor-widget-container\">\n\t\t\t\t\t\t\t\t\t<p data-pm-slice=\"1 1 []\"><strong>1. Bevezet\u0151<\/strong> Mi az edithermkens.com-n\u00e1l tiszteletben tartjuk az \u00d6n mag\u00e1n\u00e9let\u00e9t, \u00e9s k\u00f6telezetts\u00e9get v\u00e1llalunk szem\u00e9lyes adatainak v\u00e9delm\u00e9re. Ez az adatv\u00e9delmi szab\u00e1lyzat elmagyar\u00e1zza, hogyan gy\u0171jtj\u00fck, haszn\u00e1ljuk \u00e9s v\u00e9dj\u00fck az \u00d6n adatait, amikor megl\u00e1togatja a weboldalunkat.<\/p><p><strong>2. Gy\u0171jt\u00f6tt Adatok<\/strong><\/p><ul><li><strong>Szem\u00e9lyes inform\u00e1ci\u00f3:<\/strong> Amikor \u0171rlapokon vagy e-mailben l\u00e9p kapcsolatba vel\u00fcnk, \u00f6sszegy\u0171jthetj\u00fck az \u00d6n nev\u00e9t, e-mail c\u00edm\u00e9t \u00e9s b\u00e1rmely m\u00e1s, \u00d6n \u00e1ltal megadott adatot.<\/li><li><strong>M\u0171szaki adat:<\/strong> Automatikusan gy\u0171jt\u00fcnk olyan inform\u00e1ci\u00f3kat, mint az \u00d6n IP-c\u00edme, b\u00f6ng\u00e9sz\u0151j\u00e9nek t\u00edpusa \u00e9s eszk\u00f6zinform\u00e1ci\u00f3i s\u00fctik vagy hasonl\u00f3 technol\u00f3gi\u00e1k seg\u00edts\u00e9g\u00e9vel.<\/li><\/ul><p><strong>3. Hogyan haszn\u00e1ljuk adatait<\/strong> Adatait \u00edgy haszn\u00e1ljuk:<\/p><ul><li>V\u00e1laszolunk a megkeres\u00e9sekre \u00e9s \u00fczenetekre.<\/li><li>Jav\u00edtjuk a weboldal funkcionalit\u00e1s\u00e1t \u00e9s felhaszn\u00e1l\u00f3i \u00e9lm\u00e9nyt.<\/li><li>Megfelel\u00fcnk a jogi k\u00f6telezetts\u00e9geknek.<\/li><\/ul><p><strong>4. Adatmegoszt\u00e1s<\/strong><\/p><p>Nem adjuk el \u00e9s nem adjuk b\u00e9rbe adatait harmadik f\u00e9lnek. Az \u00d6n adatait csak akkor oszthatjuk meg, ha:<\/p><ul><li>T\u00f6rv\u00e9ny \u00e1ltal el\u0151\u00edrt.<\/li><li>Sz\u00fcks\u00e9ges t\u00f6rv\u00e9nyes jogaink v\u00e9delm\u00e9hez.<\/li><\/ul><p><strong>5. S\u00fctik<\/strong><\/p><p>Weboldalunk s\u00fctiket haszn\u00e1l a b\u00f6ng\u00e9sz\u00e9si \u00e9lm\u00e9ny fokoz\u00e1sa \u00e9rdek\u00e9ben. B\u00f6ng\u00e9sz\u0151j\u00e9nek be\u00e1ll\u00edt\u00e1sait \u00fagy m\u00f3dos\u00edthatja, hogy elutas\u00edtsa a s\u00fctiket, de el\u0151fordulhat, hogy a weboldal egyes funkci\u00f3i nem m\u0171k\u00f6dnek megfelel\u0151en n\u00e9lk\u00fcl\u00fck.<\/p><p><strong>6. Az \u00d6n jogai<\/strong><\/p><p>\u00d6nnek joga van:<\/p><ul><li>Hozz\u00e1f\u00e9rni az \u00d6nr\u0151l t\u00e1rolt szem\u00e9lyes adatokhoz.<\/li><li>K\u00e9rni adatai helyesb\u00edt\u00e9s\u00e9t vagy friss\u00edt\u00e9s\u00e9t.<\/li><li>K\u00e9rheti adatainak t\u00f6rl\u00e9s\u00e9t, a jogi k\u00f6telezetts\u00e9gekre is figyelemmel.<\/li><\/ul><p><strong>7. Adatmeg\u0151rz\u00e9s<\/strong><\/p><p>Szem\u00e9lyes adatait csak addig \u0151rizz\u00fck meg, am\u00edg az a jelen szab\u00e1lyzatban meghat\u00e1rozott c\u00e9lok teljes\u00edt\u00e9s\u00e9hez sz\u00fcks\u00e9ges, illetve ameddig azt a t\u00f6rv\u00e9ny el\u0151\u00edrja.<\/p><p><strong>8. L\u00e9pjen vel\u00fcnk kapcsolatba<\/strong><\/p><p>Ha k\u00e9rd\u00e9se van az adatv\u00e9delmi szab\u00e1lyzattal kapcsolatban, vagy ha \u00e9lni k\u00edv\u00e1n a jogaival, k\u00e9rj\u00fck, vegye fel vel\u00fcnk a kapcsolatot:<\/p><ul><li>E-mail: hello@edithermkens.com<\/li><li>Telefon: +36-30\/972-1668<\/li><\/ul><p><strong>9. A jelen szab\u00e1lyzat m\u00f3dos\u00edt\u00e1sai<\/strong><\/p><p>Fenntartjuk a jogot, hogy b\u00e1rmikor friss\u00edts\u00fck ezt az adatv\u00e9delmi szab\u00e1lyzatot. A v\u00e1ltoz\u00e1sokat ezen az oldalon tessz\u00fck k\u00f6zz\u00e9 a friss\u00edtett m\u00f3dos\u00edt\u00e1s d\u00e1tum\u00e1val egy\u00fctt.<\/p><p><strong>Hat\u00e1lyos d\u00e1tum: 2025\/01\/13.<\/strong><\/p>\t\t\t\t\t\t\t\t<\/div>\n\t\t\t\t<\/div>\n\t\t\t\t\t<\/div>\n\t\t\t\t<\/div>\n\t\t\t\t<\/div>","protected":false},"excerpt":{"rendered":"<p>1. Introduction We at edithermkens.com respect your privacy and are committed to protecting your personal data. This privacy policy explains how we collect, use, and protect your information when you visit our website. 2. Data We Collect Personal Information: When [&hellip;]<\/p>","protected":false},"author":1,"featured_media":0,"parent":0,"menu_order":0,"comment_status":"closed","ping_status":"open","template":"","meta":{"_acf_changed":false,"footnotes":""},"page-category":[],"class_list":["post-3","page","type-page","status-publish","hentry"],"acf":[],"yoast_head":"<!-- This site is optimized with the Yoast SEO Premium plugin v26.2 (Yoast SEO v26.6) - https:\/\/yoast.com\/wordpress\/plugins\/seo\/ -->\n<title>Privacy Policy | Edit Hermkens painter, artist<\/title>\n<meta name=\"description\" content=\"This is the privacy policy page of edithermkens.com. Edit Hermkens is a wordlwide known painter and artist.\" \/>\n<meta name=\"robots\" content=\"index, follow, max-snippet:-1, max-image-preview:large, max-video-preview:-1\" \/>\n<link rel=\"canonical\" href=\"https:\/\/edithermkens.com\/hu\/privacy-policy\/\" \/>\n<meta property=\"og:locale\" content=\"hu_HU\" \/>\n<meta property=\"og:type\" content=\"article\" \/>\n<meta property=\"og:title\" content=\"Privacy Policy\" \/>\n<meta property=\"og:description\" content=\"This is the privacy policy page of edithermkens.com. Edit Hermkens is a wordlwide known painter and artist.\" \/>\n<meta property=\"og:url\" content=\"https:\/\/edithermkens.com\/hu\/privacy-policy\/\" \/>\n<meta property=\"og:site_name\" content=\"Edit Hermkens\" \/>\n<meta property=\"article:modified_time\" content=\"2025-03-10T09:36:49+00:00\" \/>\n<meta name=\"twitter:card\" content=\"summary_large_image\" \/>\n<script type=\"application\/ld+json\" class=\"yoast-schema-graph\">{\"@context\":\"https:\/\/schema.org\",\"@graph\":[{\"@type\":\"WebPage\",\"@id\":\"https:\/\/edithermkens.com\/privacy-policy\/\",\"url\":\"https:\/\/edithermkens.com\/privacy-policy\/\",\"name\":\"Privacy Policy | Edit Hermkens painter, artist\",\"isPartOf\":{\"@id\":\"https:\/\/edithermkens.com\/#website\"},\"datePublished\":\"2024-10-20T15:29:25+00:00\",\"dateModified\":\"2025-03-10T09:36:49+00:00\",\"description\":\"This is the privacy policy page of edithermkens.com. Edit Hermkens is a wordlwide known painter and artist.\",\"breadcrumb\":{\"@id\":\"https:\/\/edithermkens.com\/privacy-policy\/#breadcrumb\"},\"inLanguage\":\"hu\",\"potentialAction\":[{\"@type\":\"ReadAction\",\"target\":[\"https:\/\/edithermkens.com\/privacy-policy\/\"]}]},{\"@type\":\"BreadcrumbList\",\"@id\":\"https:\/\/edithermkens.com\/privacy-policy\/#breadcrumb\",\"itemListElement\":[{\"@type\":\"ListItem\",\"position\":1,\"name\":\"Home\",\"item\":\"https:\/\/edithermkens.com\/\"},{\"@type\":\"ListItem\",\"position\":2,\"name\":\"Privacy Policy\"}]},{\"@type\":\"WebSite\",\"@id\":\"https:\/\/edithermkens.com\/#website\",\"url\":\"https:\/\/edithermkens.com\/\",\"name\":\"Edit Hermkens - painter, artist\",\"description\":\"Edit Hermkens - painter, artist\",\"alternateName\":\"Edit Hermkens - painter, artist\",\"potentialAction\":[{\"@type\":\"SearchAction\",\"target\":{\"@type\":\"EntryPoint\",\"urlTemplate\":\"https:\/\/edithermkens.com\/?s={search_term_string}\"},\"query-input\":{\"@type\":\"PropertyValueSpecification\",\"valueRequired\":true,\"valueName\":\"search_term_string\"}}],\"inLanguage\":\"hu\"}]}<\/script>\n<!-- \/ Yoast SEO Premium plugin. -->","yoast_head_json":{"title":"Privacy Policy | Edit Hermkens painter, artist","description":"This is the privacy policy page of edithermkens.com. Edit Hermkens is a wordlwide known painter and artist.","robots":{"index":"index","follow":"follow","max-snippet":"max-snippet:-1","max-image-preview":"max-image-preview:large","max-video-preview":"max-video-preview:-1"},"canonical":"https:\/\/edithermkens.com\/hu\/privacy-policy\/","og_locale":"hu_HU","og_type":"article","og_title":"Privacy Policy","og_description":"This is the privacy policy page of edithermkens.com. Edit Hermkens is a wordlwide known painter and artist.","og_url":"https:\/\/edithermkens.com\/hu\/privacy-policy\/","og_site_name":"Edit Hermkens","article_modified_time":"2025-03-10T09:36:49+00:00","twitter_card":"summary_large_image","schema":{"@context":"https:\/\/schema.org","@graph":[{"@type":"WebPage","@id":"https:\/\/edithermkens.com\/privacy-policy\/","url":"https:\/\/edithermkens.com\/privacy-policy\/","name":"Privacy Policy | Edit Hermkens painter, artist","isPartOf":{"@id":"https:\/\/edithermkens.com\/#website"},"datePublished":"2024-10-20T15:29:25+00:00","dateModified":"2025-03-10T09:36:49+00:00","description":"This is the privacy policy page of edithermkens.com. Edit Hermkens is a wordlwide known painter and artist.","breadcrumb":{"@id":"https:\/\/edithermkens.com\/privacy-policy\/#breadcrumb"},"inLanguage":"hu","potentialAction":[{"@type":"ReadAction","target":["https:\/\/edithermkens.com\/privacy-policy\/"]}]},{"@type":"BreadcrumbList","@id":"https:\/\/edithermkens.com\/privacy-policy\/#breadcrumb","itemListElement":[{"@type":"ListItem","position":1,"name":"Home","item":"https:\/\/edithermkens.com\/"},{"@type":"ListItem","position":2,"name":"Privacy Policy"}]},{"@type":"WebSite","@id":"https:\/\/edithermkens.com\/#website","url":"https:\/\/edithermkens.com\/","name":"Edit Hermkens - painter, artist","description":"Edit Hermkens - painter, artist","alternateName":"Edit Hermkens - painter, artist","potentialAction":[{"@type":"SearchAction","target":{"@type":"EntryPoint","urlTemplate":"https:\/\/edithermkens.com\/?s={search_term_string}"},"query-input":{"@type":"PropertyValueSpecification","valueRequired":true,"valueName":"search_term_string"}}],"inLanguage":"hu"}]}},"_links":{"self":[{"href":"https:\/\/edithermkens.com\/hu\/wp-json\/wp\/v2\/pages\/3","targetHints":{"allow":["GET"]}}],"collection":[{"href":"https:\/\/edithermkens.com\/hu\/wp-json\/wp\/v2\/pages"}],"about":[{"href":"https:\/\/edithermkens.com\/hu\/wp-json\/wp\/v2\/types\/page"}],"author":[{"embeddable":true,"href":"https:\/\/edithermkens.com\/hu\/wp-json\/wp\/v2\/users\/1"}],"replies":[{"embeddable":true,"href":"https:\/\/edithermkens.com\/hu\/wp-json\/wp\/v2\/comments?post=3"}],"version-history":[{"count":18,"href":"https:\/\/edithermkens.com\/hu\/wp-json\/wp\/v2\/pages\/3\/revisions"}],"predecessor-version":[{"id":5395,"href":"https:\/\/edithermkens.com\/hu\/wp-json\/wp\/v2\/pages\/3\/revisions\/5395"}],"wp:attachment":[{"href":"https:\/\/edithermkens.com\/hu\/wp-json\/wp\/v2\/media?parent=3"}],"wp:term":[{"taxonomy":"page-category","embeddable":true,"href":"https:\/\/edithermkens.com\/hu\/wp-json\/wp\/v2\/page-category?post=3"}],"curies":[{"name":"wp","href":"https:\/\/api.w.org\/{rel}","templated":true}]}}