{"id":3809,"date":"2024-10-31T09:04:34","date_gmt":"2024-10-31T09:04:34","guid":{"rendered":"https:\/\/edithermkens.com\/?page_id=3809"},"modified":"2025-03-10T06:39:29","modified_gmt":"2025-03-10T05:39:29","slug":"news","status":"publish","type":"page","link":"https:\/\/edithermkens.com\/hu\/news\/","title":{"rendered":"H\u00edrek"},"content":{"rendered":"<div data-elementor-type=\"wp-page\" data-elementor-id=\"3809\" class=\"elementor elementor-3809\" data-elementor-post-type=\"page\">\n\t\t\t\t<div class=\"elementor-element elementor-element-a0b1a3f e-flex e-con-boxed e-con e-parent\" data-id=\"a0b1a3f\" data-element_type=\"container\">\n\t\t\t\t\t<div class=\"e-con-inner\">\n\t\t\t\t<div class=\"elementor-element elementor-element-c9c7fdd elementor-widget elementor-widget-qi_addons_for_elementor_section_title\" data-id=\"c9c7fdd\" data-element_type=\"widget\" data-widget_type=\"qi_addons_for_elementor_section_title.default\">\n\t\t\t\t<div class=\"elementor-widget-container\">\n\t\t\t\t\t<div class=\"qodef-shortcode qodef-m qodef-qi-section-title qodef-decoration--italic qodef-link--underline-draw qodef-subtitle-icon--left\">\n\t\t\t<h1 class=\"qodef-m-title\">\n\t\tH\u00edrek\t<\/h1>\n\t\t\t\t\t\t<\/div>\n\t\t\t\t<\/div>\n\t\t\t\t<\/div>\n\t\t\t\t\t<\/div>\n\t\t\t\t<\/div>\n\t\t<div class=\"elementor-element elementor-element-4dcf86d e-flex e-con-boxed e-con e-parent\" data-id=\"4dcf86d\" data-element_type=\"container\">\n\t\t\t\t\t<div class=\"e-con-inner\">\n\t\t<div class=\"elementor-element elementor-element-ea1197c e-con-full e-flex e-con e-child\" data-id=\"ea1197c\" data-element_type=\"container\">\n\t\t\t\t<div class=\"elementor-element elementor-element-a794a87 elementor-widget elementor-widget-qi_addons_for_elementor_blog_list\" data-id=\"a794a87\" data-element_type=\"widget\" data-widget_type=\"qi_addons_for_elementor_blog_list.default\">\n\t\t\t\t<div class=\"elementor-widget-container\">\n\t\t\t\t\t<div class=\"qodef-shortcode qodef-m qodef-addons-blog-list qodef-info-no-icons qodef-title--hover-underline qodef-image--hover-zoom qodef-qi-grid qodef-layout--qi-columns qodef-col-num--1 qodef-item-layout--minimal qodef-responsive--predefined\" >\n\t<div class=\"qodef-grid-inner\">\n\t\t<article class=\"qodef-e qodef-blog-item qodef-grid-item qodef-item--full post-4182 post type-post status-publish format-standard has-post-thumbnail hentry category-news\">\n\t<div class=\"qodef-e-inner\">\n\t\t<div class=\"qodef-e-content\">\n\t\t\t\t\t\t\t<div class=\"qodef-e-info qodef-info--top\">\n\t\t\t\t\t<div itemprop=\"dateCreated\" class=\"qodef-e-info-item qodef-e-info-date entry-date\">\n\t<a itemprop=\"url\" href=\"https:\/\/edithermkens.com\/hu\/2021\/06\/\">\n\t\t\t\t2021-06-07\t<\/a>\n<\/div>\n\t\t\t\t<\/div>\n\t\t\t\t\t\t<div class=\"qodef-e-text\">\n\t\t\t\t<h5 itemprop=\"name\" class=\"qodef-e-title entry-title\">\n\t<a itemprop=\"url\" class=\"qodef-e-title-link\" href=\"https:\/\/edithermkens.com\/hu\/special-prize-for-the-vi-obuda-fine-art-exhibition-genius-loci-the-spirit-of-the-place-exhibition\/\">\n\t\tK\u00fcl\u00f6nd\u00edj \n VI. \u00d3budai K\u00e9pz\u0151m\u0171v\u00e9szeti Ki\u00e1ll\u00edt\u00e1s - \u201eGenius Loci - A hely szelleme\u201d ki\u00e1ll\u00edt\u00e1s\t<\/a>\n<\/h5>\n\t\t<p itemprop=\"description\" class=\"qodef-e-excerpt\">\n\t\t\t\u00d3buda-B\u00e9k\u00e1smegyer \u00d6nkorm\u00e1nyzata 2020-ban is meghirdette \u201eGenius Loci - A hely szelleme\u201d c\u00edm\u0171 k\u00e9pz\u0151m\u0171v\u00e9szeti p\u00e1ly\u00e1zat\u00e1t. A d\u00edj\u00e1tad\u00f3 \u00fcnneps\u00e9gre csak\t\t<\/p>\n\t\t\t\t\t\t<div class=\"qodef-e-info qodef-info--bottom\">\n\t\t\t\t\t\t\t<div class=\"qodef-e-read-more\">\n\t\t<a class=\"qodef-shortcode qodef-m qodef-qi-button qodef-html--link qodef-layout--filled qodef-type--icon-boxed qodef-hover--reveal qodef--reveal-horizontal qodef-icon--right qodef-hover--icon-move-horizontal-short\" href=\"https:\/\/edithermkens.com\/hu\/special-prize-for-the-vi-obuda-fine-art-exhibition-genius-loci-the-spirit-of-the-place-exhibition\/\" target=\"_self\">\t<span class=\"qodef-m-text\">Read More<\/span>\t<\/a>\t<\/div>\n\t\t\t\t\t<\/div>\n\t\t\t\t\t\t\t\t<\/div>\n\t\t<\/div>\n\t<\/div>\n<\/article>\n<article class=\"qodef-e qodef-blog-item qodef-grid-item qodef-item--full post-4218 post type-post status-publish format-standard hentry category-news\">\n\t<div class=\"qodef-e-inner\">\n\t\t<div class=\"qodef-e-content\">\n\t\t\t\t\t\t\t<div class=\"qodef-e-info qodef-info--top\">\n\t\t\t\t\t<div itemprop=\"dateCreated\" class=\"qodef-e-info-item qodef-e-info-date entry-date\">\n\t<a itemprop=\"url\" href=\"https:\/\/edithermkens.com\/hu\/2021\/02\/\">\n\t\t\t\t2021-02-02\t<\/a>\n<\/div>\n\t\t\t\t<\/div>\n\t\t\t\t\t\t<div class=\"qodef-e-text\">\n\t\t\t\t<h5 itemprop=\"name\" class=\"qodef-e-title entry-title\">\n\t<a itemprop=\"url\" class=\"qodef-e-title-link\" href=\"https:\/\/edithermkens.com\/hu\/the-afternoon-of-flora-and-fauna\/\">\n\t\tFl\u00f3ra \u00e9s Fauna d\u00e9lut\u00e1nja\t<\/a>\n<\/h5>\n\t\t<p itemprop=\"description\" class=\"qodef-e-excerpt\">\n\t\t\tHermkens Edit k\u00e9peinek \u00e9rz\u00e9ki vil\u00e1ga intenz\u00edv \u00e9s vibr\u00e1l\u00f3 sz\u00edneivel hat r\u00e1nk. Csend\u00e9letk\u00e9pei mellett \u00e1llatillusztr\u00e1ci\u00f3i is kiemelkednek.\t\t<\/p>\n\t\t\t\t\t\t<div class=\"qodef-e-info qodef-info--bottom\">\n\t\t\t\t\t\t\t<div class=\"qodef-e-read-more\">\n\t\t<a class=\"qodef-shortcode qodef-m qodef-qi-button qodef-html--link qodef-layout--filled qodef-type--icon-boxed qodef-hover--reveal qodef--reveal-horizontal qodef-icon--right qodef-hover--icon-move-horizontal-short\" href=\"https:\/\/edithermkens.com\/hu\/the-afternoon-of-flora-and-fauna\/\" target=\"_self\">\t<span class=\"qodef-m-text\">Read More<\/span>\t<\/a>\t<\/div>\n\t\t\t\t\t<\/div>\n\t\t\t\t\t\t\t\t<\/div>\n\t\t<\/div>\n\t<\/div>\n<\/article>\n<article class=\"qodef-e qodef-blog-item qodef-grid-item qodef-item--full post-4215 post type-post status-publish format-standard hentry category-news\">\n\t<div class=\"qodef-e-inner\">\n\t\t<div class=\"qodef-e-content\">\n\t\t\t\t\t\t\t<div class=\"qodef-e-info qodef-info--top\">\n\t\t\t\t\t<div itemprop=\"dateCreated\" class=\"qodef-e-info-item qodef-e-info-date entry-date\">\n\t<a itemprop=\"url\" href=\"https:\/\/edithermkens.com\/hu\/2018\/04\/\">\n\t\t\t\t2018-04-06\t<\/a>\n<\/div>\n\t\t\t\t<\/div>\n\t\t\t\t\t\t<div class=\"qodef-e-text\">\n\t\t\t\t<h5 itemprop=\"name\" class=\"qodef-e-title entry-title\">\n\t<a itemprop=\"url\" class=\"qodef-e-title-link\" href=\"https:\/\/edithermkens.com\/hu\/new-bioromanticism-about-the-pictures-of-edit-hermkens\/\">\n\t\t\u00daj bioromantika :: Hermkens Edit k\u00e9peir\u0151l\t<\/a>\n<\/h5>\n\t\t<p itemprop=\"description\" class=\"qodef-e-excerpt\">\n\t\t\tHermkens Edit fest\u00e9szete a szabads\u00e1g m\u0171v\u00e9szete, a term\u00e9szet rejtett arc\u00e1nak felfedez\u00e9se, egy \u00faj bioromantika, amely tisztelet\u00fcnkre m\u00e9g nem v\u00e1lt tot\u00e1lis absztrakci\u00f3v\u00e1.\t\t<\/p>\n\t\t\t\t\t\t<div class=\"qodef-e-info qodef-info--bottom\">\n\t\t\t\t\t\t\t<div class=\"qodef-e-read-more\">\n\t\t<a class=\"qodef-shortcode qodef-m qodef-qi-button qodef-html--link qodef-layout--filled qodef-type--icon-boxed qodef-hover--reveal qodef--reveal-horizontal qodef-icon--right qodef-hover--icon-move-horizontal-short\" href=\"https:\/\/edithermkens.com\/hu\/new-bioromanticism-about-the-pictures-of-edit-hermkens\/\" target=\"_self\">\t<span class=\"qodef-m-text\">Read More<\/span>\t<\/a>\t<\/div>\n\t\t\t\t\t<\/div>\n\t\t\t\t\t\t\t\t<\/div>\n\t\t<\/div>\n\t<\/div>\n<\/article>\n\t<\/div>\n\t<\/div>\n\t\t\t\t<\/div>\n\t\t\t\t<\/div>\n\t\t\t\t<\/div>\n\t\t<div class=\"elementor-element elementor-element-567cbfa e-con-full e-flex e-con e-child\" data-id=\"567cbfa\" data-element_type=\"container\" data-settings=\"{&quot;sticky&quot;:&quot;top&quot;,&quot;sticky_on&quot;:[&quot;desktop&quot;,&quot;tablet&quot;],&quot;sticky_offset&quot;:0,&quot;sticky_effects_offset&quot;:0,&quot;sticky_anchor_link_offset&quot;:0}\">\n\t\t\t\t<div class=\"elementor-element elementor-element-3207314 elementor-widget__width-auto e-transform elementor-widget elementor-widget-edgtf_icon\" data-id=\"3207314\" data-element_type=\"widget\" data-settings=\"{&quot;_transform_rotateZ_effect&quot;:{&quot;unit&quot;:&quot;px&quot;,&quot;size&quot;:-90,&quot;sizes&quot;:[]},&quot;_transform_rotateZ_effect_mobile&quot;:{&quot;unit&quot;:&quot;deg&quot;,&quot;size&quot;:0,&quot;sizes&quot;:[]},&quot;_transform_rotateZ_effect_tablet&quot;:{&quot;unit&quot;:&quot;deg&quot;,&quot;size&quot;:&quot;&quot;,&quot;sizes&quot;:[]}}\" data-widget_type=\"edgtf_icon.default\">\n\t\t\t\t<div class=\"elementor-widget-container\">\n\t\t\t\t\t    <span class=\"edgtf-icon-shortcode edgtf-normal\"  >\n                    <a itemprop=\"url\" class=\"\" href=\"https:\/\/www.squintmagazine.com\/post\/edit-hermkens-painting-life-in-every-stroke\" target=\"_blank\">\n                    <i class=\"edgtf-icon-font-awesome fa fa-eye edgtf-icon-element\" style=\"font-size:15px\" ><\/i>                    <\/a>\n            <\/span>\n\t\t\t\t<\/div>\n\t\t\t\t<\/div>\n\t\t\t\t<div class=\"elementor-element elementor-element-c4114ff elementor-widget elementor-widget-image\" data-id=\"c4114ff\" data-element_type=\"widget\" data-widget_type=\"image.default\">\n\t\t\t\t<div class=\"elementor-widget-container\">\n\t\t\t\t\t\t\t\t\t\t\t\t\t\t\t\t<a href=\"https:\/\/www.saatchiart.com\/hermkens68\" target=\"_blank\">\n\t\t\t\t\t\t\t<img decoding=\"async\" src=\"https:\/\/edithermkens.com\/wp-content\/uploads\/elementor\/thumbs\/saatchiart-logo-sm-qxnujp1fvwvsmh76xxc2pms09ny901hx7kw4e2ya8m.png\" title=\"saatchiart-logo\" alt=\"saatchiart-logo\" loading=\"lazy\" \/>\t\t\t\t\t\t\t\t<\/a>\n\t\t\t\t\t\t\t\t\t\t\t\t\t\t\t<\/div>\n\t\t\t\t<\/div>\n\t\t\t\t<div class=\"elementor-element elementor-element-9e933fb elementor-widget__width-auto e-transform elementor-widget elementor-widget-edgtf_icon\" data-id=\"9e933fb\" data-element_type=\"widget\" data-settings=\"{&quot;_transform_rotateZ_effect&quot;:{&quot;unit&quot;:&quot;px&quot;,&quot;size&quot;:-90,&quot;sizes&quot;:[]},&quot;_transform_rotateZ_effect_mobile&quot;:{&quot;unit&quot;:&quot;deg&quot;,&quot;size&quot;:0,&quot;sizes&quot;:[]},&quot;_transform_rotateZ_effect_tablet&quot;:{&quot;unit&quot;:&quot;deg&quot;,&quot;size&quot;:&quot;&quot;,&quot;sizes&quot;:[]}}\" data-widget_type=\"edgtf_icon.default\">\n\t\t\t\t<div class=\"elementor-widget-container\">\n\t\t\t\t\t    <span class=\"edgtf-icon-shortcode edgtf-normal\"  >\n                    <a itemprop=\"url\" class=\"\" href=\"https:\/\/www.youtube.com\/@edithermkens1514%20\" target=\"_blank\">\n                    <i class=\"edgtf-icon-font-awesome fab fa-youtube edgtf-icon-element\" style=\"font-size:15px\" ><\/i>                    <\/a>\n            <\/span>\n\t\t\t\t<\/div>\n\t\t\t\t<\/div>\n\t\t\t\t<div class=\"elementor-element elementor-element-347e14b elementor-widget__width-auto e-transform elementor-widget elementor-widget-edgtf_icon\" data-id=\"347e14b\" data-element_type=\"widget\" data-settings=\"{&quot;_transform_rotateZ_effect&quot;:{&quot;unit&quot;:&quot;px&quot;,&quot;size&quot;:-90,&quot;sizes&quot;:[]},&quot;_transform_rotateZ_effect_mobile&quot;:{&quot;unit&quot;:&quot;deg&quot;,&quot;size&quot;:0,&quot;sizes&quot;:[]},&quot;_transform_rotateZ_effect_tablet&quot;:{&quot;unit&quot;:&quot;deg&quot;,&quot;size&quot;:&quot;&quot;,&quot;sizes&quot;:[]}}\" data-widget_type=\"edgtf_icon.default\">\n\t\t\t\t<div class=\"elementor-widget-container\">\n\t\t\t\t\t    <span class=\"edgtf-icon-shortcode edgtf-normal\"  >\n                    <a itemprop=\"url\" class=\"\" href=\"https:\/\/www.instagram.com\/edithermkens\" target=\"_blank\">\n                    <i class=\"edgtf-icon-font-awesome fab fa-instagram edgtf-icon-element\" style=\"font-size:15px\" ><\/i>                    <\/a>\n            <\/span>\n\t\t\t\t<\/div>\n\t\t\t\t<\/div>\n\t\t\t\t<div class=\"elementor-element elementor-element-69288ef elementor-widget__width-auto e-transform elementor-widget elementor-widget-edgtf_icon\" data-id=\"69288ef\" data-element_type=\"widget\" data-settings=\"{&quot;_transform_rotateZ_effect&quot;:{&quot;unit&quot;:&quot;px&quot;,&quot;size&quot;:-90,&quot;sizes&quot;:[]},&quot;_transform_rotateZ_effect_mobile&quot;:{&quot;unit&quot;:&quot;deg&quot;,&quot;size&quot;:0,&quot;sizes&quot;:[]},&quot;_transform_rotateZ_effect_tablet&quot;:{&quot;unit&quot;:&quot;deg&quot;,&quot;size&quot;:&quot;&quot;,&quot;sizes&quot;:[]}}\" data-widget_type=\"edgtf_icon.default\">\n\t\t\t\t<div class=\"elementor-widget-container\">\n\t\t\t\t\t    <span class=\"edgtf-icon-shortcode edgtf-normal\"  >\n                    <a itemprop=\"url\" class=\"\" href=\"https:\/\/www.facebook.com\/edit.hermkensnetoth%20\" target=\"_blank\">\n                    <i class=\"edgtf-icon-font-awesome fab fa-facebook-f edgtf-icon-element\" style=\"font-size:15px\" ><\/i>                    <\/a>\n            <\/span>\n\t\t\t\t<\/div>\n\t\t\t\t<\/div>\n\t\t\t\t<\/div>\n\t\t\t\t\t<\/div>\n\t\t\t\t<\/div>\n\t\t\t\t<\/div>","protected":false},"excerpt":{"rendered":"<p>2021-06-07 Special prize for the VI. \u00d3buda Fine Art Exhibition &#8211; &#8220;Genius Loci &#8211; The Spirit of the Place&#8221; exhibition The Municipality of \u00d3buda-B\u00e9k\u00e1smegyer announced its fine art competition entitled \u201cGenius Loci &#8211; The Spirit of the Place\u201d in 2020. [&hellip;]<\/p>","protected":false},"author":1,"featured_media":4169,"parent":0,"menu_order":0,"comment_status":"closed","ping_status":"closed","template":"elementor_header_footer","meta":{"_acf_changed":false,"footnotes":""},"page-category":[],"class_list":["post-3809","page","type-page","status-publish","has-post-thumbnail","hentry"],"acf":[],"yoast_head":"<!-- This site is optimized with the Yoast SEO Premium plugin v26.2 (Yoast SEO v26.6) - https:\/\/yoast.com\/wordpress\/plugins\/seo\/ -->\n<title>News | Edit Hermkens painter, artist<\/title>\n<meta name=\"description\" content=\"Check out the latest news about exhibitions, awards, nomanitaions and pantings. Edit Hermkens painter, artist.\" \/>\n<meta name=\"robots\" content=\"index, follow, max-snippet:-1, max-image-preview:large, max-video-preview:-1\" \/>\n<link rel=\"canonical\" href=\"https:\/\/edithermkens.com\/hu\/news\/\" \/>\n<meta property=\"og:locale\" content=\"hu_HU\" \/>\n<meta property=\"og:type\" content=\"article\" \/>\n<meta property=\"og:title\" content=\"News\" \/>\n<meta property=\"og:description\" content=\"Check out the latest news about exhibitions, awards, nomanitaions and pantings. Edit Hermkens painter, artist.\" \/>\n<meta property=\"og:url\" content=\"https:\/\/edithermkens.com\/hu\/news\/\" \/>\n<meta property=\"og:site_name\" content=\"Edit Hermkens\" \/>\n<meta property=\"article:modified_time\" content=\"2025-03-10T05:39:29+00:00\" \/>\n<meta property=\"og:image\" content=\"https:\/\/edithermkens.com\/wp-content\/uploads\/2024\/12\/547A5947-masolat_wb_3.jpg\" \/>\n\t<meta property=\"og:image:width\" content=\"1500\" \/>\n\t<meta property=\"og:image:height\" content=\"1076\" \/>\n\t<meta property=\"og:image:type\" content=\"image\/jpeg\" \/>\n<meta name=\"twitter:card\" content=\"summary_large_image\" \/>\n<script type=\"application\/ld+json\" class=\"yoast-schema-graph\">{\"@context\":\"https:\/\/schema.org\",\"@graph\":[{\"@type\":\"WebPage\",\"@id\":\"https:\/\/edithermkens.com\/news\/\",\"url\":\"https:\/\/edithermkens.com\/news\/\",\"name\":\"News | Edit Hermkens painter, artist\",\"isPartOf\":{\"@id\":\"https:\/\/edithermkens.com\/#website\"},\"primaryImageOfPage\":{\"@id\":\"https:\/\/edithermkens.com\/news\/#primaryimage\"},\"image\":{\"@id\":\"https:\/\/edithermkens.com\/news\/#primaryimage\"},\"thumbnailUrl\":\"https:\/\/edithermkens.com\/wp-content\/uploads\/2024\/12\/547A5947-masolat_wb_3.jpg\",\"datePublished\":\"2024-10-31T09:04:34+00:00\",\"dateModified\":\"2025-03-10T05:39:29+00:00\",\"description\":\"Check out the latest news about exhibitions, awards, nomanitaions and pantings. Edit Hermkens painter, artist.\",\"breadcrumb\":{\"@id\":\"https:\/\/edithermkens.com\/news\/#breadcrumb\"},\"inLanguage\":\"hu\",\"potentialAction\":[{\"@type\":\"ReadAction\",\"target\":[\"https:\/\/edithermkens.com\/news\/\"]}]},{\"@type\":\"ImageObject\",\"inLanguage\":\"hu\",\"@id\":\"https:\/\/edithermkens.com\/news\/#primaryimage\",\"url\":\"https:\/\/edithermkens.com\/wp-content\/uploads\/2024\/12\/547A5947-masolat_wb_3.jpg\",\"contentUrl\":\"https:\/\/edithermkens.com\/wp-content\/uploads\/2024\/12\/547A5947-masolat_wb_3.jpg\",\"width\":1500,\"height\":1076,\"caption\":\"Edit Hermkens\"},{\"@type\":\"BreadcrumbList\",\"@id\":\"https:\/\/edithermkens.com\/news\/#breadcrumb\",\"itemListElement\":[{\"@type\":\"ListItem\",\"position\":1,\"name\":\"Home\",\"item\":\"https:\/\/edithermkens.com\/\"},{\"@type\":\"ListItem\",\"position\":2,\"name\":\"News\"}]},{\"@type\":\"WebSite\",\"@id\":\"https:\/\/edithermkens.com\/#website\",\"url\":\"https:\/\/edithermkens.com\/\",\"name\":\"Edit Hermkens - painter, artist\",\"description\":\"Edit Hermkens - painter, artist\",\"alternateName\":\"Edit Hermkens - painter, artist\",\"potentialAction\":[{\"@type\":\"SearchAction\",\"target\":{\"@type\":\"EntryPoint\",\"urlTemplate\":\"https:\/\/edithermkens.com\/?s={search_term_string}\"},\"query-input\":{\"@type\":\"PropertyValueSpecification\",\"valueRequired\":true,\"valueName\":\"search_term_string\"}}],\"inLanguage\":\"hu\"}]}<\/script>\n<!-- \/ Yoast SEO Premium plugin. -->","yoast_head_json":{"title":"News | Edit Hermkens painter, artist","description":"Check out the latest news about exhibitions, awards, nomanitaions and pantings. Edit Hermkens painter, artist.","robots":{"index":"index","follow":"follow","max-snippet":"max-snippet:-1","max-image-preview":"max-image-preview:large","max-video-preview":"max-video-preview:-1"},"canonical":"https:\/\/edithermkens.com\/hu\/news\/","og_locale":"hu_HU","og_type":"article","og_title":"News","og_description":"Check out the latest news about exhibitions, awards, nomanitaions and pantings. Edit Hermkens painter, artist.","og_url":"https:\/\/edithermkens.com\/hu\/news\/","og_site_name":"Edit Hermkens","article_modified_time":"2025-03-10T05:39:29+00:00","og_image":[{"width":1500,"height":1076,"url":"https:\/\/edithermkens.com\/wp-content\/uploads\/2024\/12\/547A5947-masolat_wb_3.jpg","type":"image\/jpeg"}],"twitter_card":"summary_large_image","schema":{"@context":"https:\/\/schema.org","@graph":[{"@type":"WebPage","@id":"https:\/\/edithermkens.com\/news\/","url":"https:\/\/edithermkens.com\/news\/","name":"News | Edit Hermkens painter, artist","isPartOf":{"@id":"https:\/\/edithermkens.com\/#website"},"primaryImageOfPage":{"@id":"https:\/\/edithermkens.com\/news\/#primaryimage"},"image":{"@id":"https:\/\/edithermkens.com\/news\/#primaryimage"},"thumbnailUrl":"https:\/\/edithermkens.com\/wp-content\/uploads\/2024\/12\/547A5947-masolat_wb_3.jpg","datePublished":"2024-10-31T09:04:34+00:00","dateModified":"2025-03-10T05:39:29+00:00","description":"Check out the latest news about exhibitions, awards, nomanitaions and pantings. Edit Hermkens painter, artist.","breadcrumb":{"@id":"https:\/\/edithermkens.com\/news\/#breadcrumb"},"inLanguage":"hu","potentialAction":[{"@type":"ReadAction","target":["https:\/\/edithermkens.com\/news\/"]}]},{"@type":"ImageObject","inLanguage":"hu","@id":"https:\/\/edithermkens.com\/news\/#primaryimage","url":"https:\/\/edithermkens.com\/wp-content\/uploads\/2024\/12\/547A5947-masolat_wb_3.jpg","contentUrl":"https:\/\/edithermkens.com\/wp-content\/uploads\/2024\/12\/547A5947-masolat_wb_3.jpg","width":1500,"height":1076,"caption":"Edit Hermkens"},{"@type":"BreadcrumbList","@id":"https:\/\/edithermkens.com\/news\/#breadcrumb","itemListElement":[{"@type":"ListItem","position":1,"name":"Home","item":"https:\/\/edithermkens.com\/"},{"@type":"ListItem","position":2,"name":"News"}]},{"@type":"WebSite","@id":"https:\/\/edithermkens.com\/#website","url":"https:\/\/edithermkens.com\/","name":"Edit Hermkens - painter, artist","description":"Edit Hermkens - painter, artist","alternateName":"Edit Hermkens - painter, artist","potentialAction":[{"@type":"SearchAction","target":{"@type":"EntryPoint","urlTemplate":"https:\/\/edithermkens.com\/?s={search_term_string}"},"query-input":{"@type":"PropertyValueSpecification","valueRequired":true,"valueName":"search_term_string"}}],"inLanguage":"hu"}]}},"_links":{"self":[{"href":"https:\/\/edithermkens.com\/hu\/wp-json\/wp\/v2\/pages\/3809","targetHints":{"allow":["GET"]}}],"collection":[{"href":"https:\/\/edithermkens.com\/hu\/wp-json\/wp\/v2\/pages"}],"about":[{"href":"https:\/\/edithermkens.com\/hu\/wp-json\/wp\/v2\/types\/page"}],"author":[{"embeddable":true,"href":"https:\/\/edithermkens.com\/hu\/wp-json\/wp\/v2\/users\/1"}],"replies":[{"embeddable":true,"href":"https:\/\/edithermkens.com\/hu\/wp-json\/wp\/v2\/comments?post=3809"}],"version-history":[{"count":58,"href":"https:\/\/edithermkens.com\/hu\/wp-json\/wp\/v2\/pages\/3809\/revisions"}],"predecessor-version":[{"id":5351,"href":"https:\/\/edithermkens.com\/hu\/wp-json\/wp\/v2\/pages\/3809\/revisions\/5351"}],"wp:featuredmedia":[{"embeddable":true,"href":"https:\/\/edithermkens.com\/hu\/wp-json\/wp\/v2\/media\/4169"}],"wp:attachment":[{"href":"https:\/\/edithermkens.com\/hu\/wp-json\/wp\/v2\/media?parent=3809"}],"wp:term":[{"taxonomy":"page-category","embeddable":true,"href":"https:\/\/edithermkens.com\/hu\/wp-json\/wp\/v2\/page-category?post=3809"}],"curies":[{"name":"wp","href":"https:\/\/api.w.org\/{rel}","templated":true}]}}