{"id":3985,"date":"2024-11-25T08:05:27","date_gmt":"2024-11-25T08:05:27","guid":{"rendered":"https:\/\/edithermkens.com\/?page_id=3985"},"modified":"2025-03-10T06:37:57","modified_gmt":"2025-03-10T05:37:57","slug":"blog","status":"publish","type":"page","link":"https:\/\/edithermkens.com\/hu\/blog\/","title":{"rendered":"Blog"},"content":{"rendered":"<div data-elementor-type=\"wp-page\" data-elementor-id=\"3985\" class=\"elementor elementor-3985\" data-elementor-post-type=\"page\">\n\t\t\t\t<div class=\"elementor-element elementor-element-2e286e7 e-flex e-con-boxed e-con e-parent\" data-id=\"2e286e7\" data-element_type=\"container\">\n\t\t\t\t\t<div class=\"e-con-inner\">\n\t\t\t\t<div class=\"elementor-element elementor-element-2a2e2bc elementor-widget elementor-widget-qi_addons_for_elementor_section_title\" data-id=\"2a2e2bc\" data-element_type=\"widget\" data-widget_type=\"qi_addons_for_elementor_section_title.default\">\n\t\t\t\t<div class=\"elementor-widget-container\">\n\t\t\t\t\t<div class=\"qodef-shortcode qodef-m qodef-qi-section-title qodef-decoration--italic qodef-link--underline-draw qodef-subtitle-icon--left\">\n\t\t\t<h1 class=\"qodef-m-title\">\n\t\tBlog\t<\/h1>\n\t\t\t\t\t\t<\/div>\n\t\t\t\t<\/div>\n\t\t\t\t<\/div>\n\t\t\t\t\t<\/div>\n\t\t\t\t<\/div>\n\t\t<div class=\"elementor-element elementor-element-f7aacc5 e-flex e-con-boxed e-con e-parent\" data-id=\"f7aacc5\" data-element_type=\"container\">\n\t\t\t\t\t<div class=\"e-con-inner\">\n\t\t<div class=\"elementor-element elementor-element-cc6da16 e-con-full e-flex e-con e-child\" data-id=\"cc6da16\" data-element_type=\"container\">\n\t\t\t\t<div class=\"elementor-element elementor-element-89dbecb elementor-widget elementor-widget-text-editor\" data-id=\"89dbecb\" data-element_type=\"widget\" data-widget_type=\"text-editor.default\">\n\t\t\t\t<div class=\"elementor-widget-container\">\n\t\t\t\t\t\t\t\t\t<p>Hamarosan...<\/p>\t\t\t\t\t\t\t\t<\/div>\n\t\t\t\t<\/div>\n\t\t\t\t<div class=\"elementor-element elementor-element-96e3f18 elementor-hidden-desktop elementor-hidden-tablet elementor-hidden-mobile elementor-widget elementor-widget-qi_addons_for_elementor_blog_list\" data-id=\"96e3f18\" data-element_type=\"widget\" data-widget_type=\"qi_addons_for_elementor_blog_list.default\">\n\t\t\t\t<div class=\"elementor-widget-container\">\n\t\t\t\t\t<div class=\"qodef-shortcode qodef-m qodef-addons-blog-list qodef--list qodef-info-no-icons qodef-image--hover-zoom qodef-qi-grid qodef-layout--qi-masonry qodef-col-num--1 qodef-item-layout--standard qodef-responsive--predefined\" >\n\t<div class=\"qodef-grid-inner\">\n\t\t\t<div class=\"qodef-qi-grid-masonry-sizer\"><\/div>\n<article class=\"qodef-e qodef-blog-item qodef-grid-item post-4182 post type-post status-publish format-standard has-post-thumbnail hentry category-news\">\n\t<div class=\"qodef-e-inner\">\n\t\t<div class=\"qodef-e-media\">\n\t\t<div class=\"qodef-e-media-image\">\n\t\t<a itemprop=\"url\" href=\"https:\/\/edithermkens.com\/hu\/special-prize-for-the-vi-obuda-fine-art-exhibition-genius-loci-the-spirit-of-the-place-exhibition\/\">\n\t\t\t<img fetchpriority=\"high\" decoding=\"async\" width=\"1200\" height=\"1137\" src=\"https:\/\/edithermkens.com\/wp-content\/uploads\/2024\/11\/3.Ageless-Rome-River-Bank-96-x-90-cm-oil-on-wood-fiber-2022.jpg\" class=\"attachment- size-\" alt=\"96 x 90 cm oil on wood fiber | 2022\" srcset=\"https:\/\/edithermkens.com\/wp-content\/uploads\/2024\/11\/3.Ageless-Rome-River-Bank-96-x-90-cm-oil-on-wood-fiber-2022.jpg 1200w, https:\/\/edithermkens.com\/wp-content\/uploads\/2024\/11\/3.Ageless-Rome-River-Bank-96-x-90-cm-oil-on-wood-fiber-2022-300x284.jpg 300w, https:\/\/edithermkens.com\/wp-content\/uploads\/2024\/11\/3.Ageless-Rome-River-Bank-96-x-90-cm-oil-on-wood-fiber-2022-1024x970.jpg 1024w, https:\/\/edithermkens.com\/wp-content\/uploads\/2024\/11\/3.Ageless-Rome-River-Bank-96-x-90-cm-oil-on-wood-fiber-2022-768x728.jpg 768w\" sizes=\"(max-width: 1200px) 100vw, 1200px\" \/>\t\t<\/a>\n\t\t\t<\/div>\n<\/div>\n\t\t<div class=\"qodef-e-content\">\n\t\t\t\t\t\t\t<div class=\"qodef-e-info qodef-info--top\">\n\t\t\t\t\t<div itemprop=\"dateCreated\" class=\"qodef-e-info-item qodef-e-info-date entry-date\">\n\t<a itemprop=\"url\" href=\"https:\/\/edithermkens.com\/hu\/2021\/06\/\">\n\t\t\t\t2021-06-07\t<\/a>\n<\/div>\n\t\t\t\t<\/div>\n\t\t\t\t\t\t<div class=\"qodef-e-text\">\n\t\t\t\t<h5 itemprop=\"name\" class=\"qodef-e-title entry-title\">\n\t<a itemprop=\"url\" class=\"qodef-e-title-link\" href=\"https:\/\/edithermkens.com\/hu\/special-prize-for-the-vi-obuda-fine-art-exhibition-genius-loci-the-spirit-of-the-place-exhibition\/\">\n\t\tK\u00fcl\u00f6nd\u00edj \n VI. \u00d3budai K\u00e9pz\u0151m\u0171v\u00e9szeti Ki\u00e1ll\u00edt\u00e1s - \u201eGenius Loci - A hely szelleme\u201d ki\u00e1ll\u00edt\u00e1s\t<\/a>\n<\/h5>\n\t\t<p itemprop=\"description\" class=\"qodef-e-excerpt\">\n\t\t\t\u00d3buda-B\u00e9k\u00e1smegyer \u00d6nkorm\u00e1nyzata 2020-ban is meghirdette \u201eGenius Loci - A hely szelleme\u201d c\u00edm\u0171 k\u00e9pz\u0151m\u0171v\u00e9szeti p\u00e1ly\u00e1zat\u00e1t. A d\u00edj\u00e1tad\u00f3 \u00fcnneps\u00e9gre csak\t\t<\/p>\n\t\t\t\t<\/div>\n\t\t\t\t\t<\/div>\n\t<\/div>\n<\/article>\n<article class=\"qodef-e qodef-blog-item qodef-grid-item post-4218 post type-post status-publish format-standard hentry category-news\">\n\t<div class=\"qodef-e-inner\">\n\t\t<div class=\"qodef-e-media\">\n\t<\/div>\n\t\t<div class=\"qodef-e-content\">\n\t\t\t\t\t\t\t<div class=\"qodef-e-info qodef-info--top\">\n\t\t\t\t\t<div itemprop=\"dateCreated\" class=\"qodef-e-info-item qodef-e-info-date entry-date\">\n\t<a itemprop=\"url\" href=\"https:\/\/edithermkens.com\/hu\/2021\/02\/\">\n\t\t\t\t2021-02-02\t<\/a>\n<\/div>\n\t\t\t\t<\/div>\n\t\t\t\t\t\t<div class=\"qodef-e-text\">\n\t\t\t\t<h5 itemprop=\"name\" class=\"qodef-e-title entry-title\">\n\t<a itemprop=\"url\" class=\"qodef-e-title-link\" href=\"https:\/\/edithermkens.com\/hu\/the-afternoon-of-flora-and-fauna\/\">\n\t\tFl\u00f3ra \u00e9s Fauna d\u00e9lut\u00e1nja\t<\/a>\n<\/h5>\n\t\t<p itemprop=\"description\" class=\"qodef-e-excerpt\">\n\t\t\tHermkens Edit k\u00e9peinek \u00e9rz\u00e9ki vil\u00e1ga intenz\u00edv \u00e9s vibr\u00e1l\u00f3 sz\u00edneivel hat r\u00e1nk. Csend\u00e9letk\u00e9pei mellett \u00e1llatillusztr\u00e1ci\u00f3i is kiemelkednek.\t\t<\/p>\n\t\t\t\t<\/div>\n\t\t\t\t\t<\/div>\n\t<\/div>\n<\/article>\n<article class=\"qodef-e qodef-blog-item qodef-grid-item post-4215 post type-post status-publish format-standard hentry category-news\">\n\t<div class=\"qodef-e-inner\">\n\t\t<div class=\"qodef-e-media\">\n\t<\/div>\n\t\t<div class=\"qodef-e-content\">\n\t\t\t\t\t\t\t<div class=\"qodef-e-info qodef-info--top\">\n\t\t\t\t\t<div itemprop=\"dateCreated\" class=\"qodef-e-info-item qodef-e-info-date entry-date\">\n\t<a itemprop=\"url\" href=\"https:\/\/edithermkens.com\/hu\/2018\/04\/\">\n\t\t\t\t2018-04-06\t<\/a>\n<\/div>\n\t\t\t\t<\/div>\n\t\t\t\t\t\t<div class=\"qodef-e-text\">\n\t\t\t\t<h5 itemprop=\"name\" class=\"qodef-e-title entry-title\">\n\t<a itemprop=\"url\" class=\"qodef-e-title-link\" href=\"https:\/\/edithermkens.com\/hu\/new-bioromanticism-about-the-pictures-of-edit-hermkens\/\">\n\t\t\u00daj bioromantika :: Hermkens Edit k\u00e9peir\u0151l\t<\/a>\n<\/h5>\n\t\t<p itemprop=\"description\" class=\"qodef-e-excerpt\">\n\t\t\tHermkens Edit fest\u00e9szete a szabads\u00e1g m\u0171v\u00e9szete, a term\u00e9szet rejtett arc\u00e1nak felfedez\u00e9se, egy \u00faj bioromantika, amely tisztelet\u00fcnkre m\u00e9g nem v\u00e1lt tot\u00e1lis absztrakci\u00f3v\u00e1.\t\t<\/p>\n\t\t\t\t<\/div>\n\t\t\t\t\t<\/div>\n\t<\/div>\n<\/article>\n\t<\/div>\n\t<\/div>\n\t\t\t\t<\/div>\n\t\t\t\t<\/div>\n\t\t\t\t<\/div>\n\t\t<div class=\"elementor-element elementor-element-23d8454 e-con-full e-flex e-con e-child\" data-id=\"23d8454\" data-element_type=\"container\" data-settings=\"{&quot;sticky&quot;:&quot;top&quot;,&quot;sticky_on&quot;:[&quot;desktop&quot;,&quot;tablet&quot;],&quot;sticky_offset&quot;:0,&quot;sticky_effects_offset&quot;:0,&quot;sticky_anchor_link_offset&quot;:0}\">\n\t\t\t\t<div class=\"elementor-element elementor-element-2637863 elementor-widget__width-auto e-transform elementor-widget elementor-widget-edgtf_icon\" data-id=\"2637863\" data-element_type=\"widget\" data-settings=\"{&quot;_transform_rotateZ_effect&quot;:{&quot;unit&quot;:&quot;px&quot;,&quot;size&quot;:-90,&quot;sizes&quot;:[]},&quot;_transform_rotateZ_effect_mobile&quot;:{&quot;unit&quot;:&quot;deg&quot;,&quot;size&quot;:0,&quot;sizes&quot;:[]},&quot;_transform_rotateZ_effect_tablet&quot;:{&quot;unit&quot;:&quot;deg&quot;,&quot;size&quot;:&quot;&quot;,&quot;sizes&quot;:[]}}\" data-widget_type=\"edgtf_icon.default\">\n\t\t\t\t<div class=\"elementor-widget-container\">\n\t\t\t\t\t    <span class=\"edgtf-icon-shortcode edgtf-normal\"  >\n                    <a itemprop=\"url\" class=\"\" href=\"https:\/\/www.squintmagazine.com\/post\/edit-hermkens-painting-life-in-every-stroke\" target=\"_blank\">\n                    <i class=\"edgtf-icon-font-awesome fa fa-eye edgtf-icon-element\" style=\"font-size:15px\" ><\/i>                    <\/a>\n            <\/span>\n\t\t\t\t<\/div>\n\t\t\t\t<\/div>\n\t\t\t\t<div class=\"elementor-element elementor-element-78448bc elementor-widget elementor-widget-image\" data-id=\"78448bc\" data-element_type=\"widget\" data-widget_type=\"image.default\">\n\t\t\t\t<div class=\"elementor-widget-container\">\n\t\t\t\t\t\t\t\t\t\t\t\t\t\t\t\t<a href=\"https:\/\/www.saatchiart.com\/hermkens68\" target=\"_blank\">\n\t\t\t\t\t\t\t<img decoding=\"async\" src=\"https:\/\/edithermkens.com\/wp-content\/uploads\/elementor\/thumbs\/saatchiart-logo-sm-qxnujp1fvwvsmh76xxc2pms09ny901hx7kw4e2ya8m.png\" title=\"saatchiart-logo\" alt=\"saatchiart-logo\" loading=\"lazy\" \/>\t\t\t\t\t\t\t\t<\/a>\n\t\t\t\t\t\t\t\t\t\t\t\t\t\t\t<\/div>\n\t\t\t\t<\/div>\n\t\t\t\t<div class=\"elementor-element elementor-element-0fecd63 elementor-widget__width-auto e-transform elementor-widget elementor-widget-edgtf_icon\" data-id=\"0fecd63\" data-element_type=\"widget\" data-settings=\"{&quot;_transform_rotateZ_effect&quot;:{&quot;unit&quot;:&quot;px&quot;,&quot;size&quot;:-90,&quot;sizes&quot;:[]},&quot;_transform_rotateZ_effect_mobile&quot;:{&quot;unit&quot;:&quot;deg&quot;,&quot;size&quot;:0,&quot;sizes&quot;:[]},&quot;_transform_rotateZ_effect_tablet&quot;:{&quot;unit&quot;:&quot;deg&quot;,&quot;size&quot;:&quot;&quot;,&quot;sizes&quot;:[]}}\" data-widget_type=\"edgtf_icon.default\">\n\t\t\t\t<div class=\"elementor-widget-container\">\n\t\t\t\t\t    <span class=\"edgtf-icon-shortcode edgtf-normal\"  >\n                    <a itemprop=\"url\" class=\"\" href=\"https:\/\/www.youtube.com\/@edithermkens1514%20\" target=\"_blank\">\n                    <i class=\"edgtf-icon-font-awesome fab fa-youtube edgtf-icon-element\" style=\"font-size:15px\" ><\/i>                    <\/a>\n            <\/span>\n\t\t\t\t<\/div>\n\t\t\t\t<\/div>\n\t\t\t\t<div class=\"elementor-element elementor-element-2582063 elementor-widget__width-auto e-transform elementor-widget elementor-widget-edgtf_icon\" data-id=\"2582063\" data-element_type=\"widget\" data-settings=\"{&quot;_transform_rotateZ_effect&quot;:{&quot;unit&quot;:&quot;px&quot;,&quot;size&quot;:-90,&quot;sizes&quot;:[]},&quot;_transform_rotateZ_effect_mobile&quot;:{&quot;unit&quot;:&quot;deg&quot;,&quot;size&quot;:0,&quot;sizes&quot;:[]},&quot;_transform_rotateZ_effect_tablet&quot;:{&quot;unit&quot;:&quot;deg&quot;,&quot;size&quot;:&quot;&quot;,&quot;sizes&quot;:[]}}\" data-widget_type=\"edgtf_icon.default\">\n\t\t\t\t<div class=\"elementor-widget-container\">\n\t\t\t\t\t    <span class=\"edgtf-icon-shortcode edgtf-normal\"  >\n                    <a itemprop=\"url\" class=\"\" href=\"https:\/\/www.instagram.com\/edithermkens\" target=\"_blank\">\n                    <i class=\"edgtf-icon-font-awesome fab fa-instagram edgtf-icon-element\" style=\"font-size:15px\" ><\/i>                    <\/a>\n            <\/span>\n\t\t\t\t<\/div>\n\t\t\t\t<\/div>\n\t\t\t\t<div class=\"elementor-element elementor-element-4b47a99 elementor-widget__width-auto e-transform elementor-widget elementor-widget-edgtf_icon\" data-id=\"4b47a99\" data-element_type=\"widget\" data-settings=\"{&quot;_transform_rotateZ_effect&quot;:{&quot;unit&quot;:&quot;px&quot;,&quot;size&quot;:-90,&quot;sizes&quot;:[]},&quot;_transform_rotateZ_effect_mobile&quot;:{&quot;unit&quot;:&quot;deg&quot;,&quot;size&quot;:0,&quot;sizes&quot;:[]},&quot;_transform_rotateZ_effect_tablet&quot;:{&quot;unit&quot;:&quot;deg&quot;,&quot;size&quot;:&quot;&quot;,&quot;sizes&quot;:[]}}\" data-widget_type=\"edgtf_icon.default\">\n\t\t\t\t<div class=\"elementor-widget-container\">\n\t\t\t\t\t    <span class=\"edgtf-icon-shortcode edgtf-normal\"  >\n                    <a itemprop=\"url\" class=\"\" href=\"https:\/\/www.facebook.com\/edit.hermkensnetoth%20\" target=\"_blank\">\n                    <i class=\"edgtf-icon-font-awesome fab fa-facebook-f edgtf-icon-element\" style=\"font-size:15px\" ><\/i>                    <\/a>\n            <\/span>\n\t\t\t\t<\/div>\n\t\t\t\t<\/div>\n\t\t\t\t<\/div>\n\t\t\t\t\t<\/div>\n\t\t\t\t<\/div>\n\t\t\t\t<\/div>","protected":false},"excerpt":{"rendered":"<p>Coming soon&#8230;. 2021-06-07 Special prize for the VI. \u00d3buda Fine Art Exhibition &#8211; &#8220;Genius Loci &#8211; The Spirit of the Place&#8221; exhibition The Municipality of \u00d3buda-B\u00e9k\u00e1smegyer announced its fine art competition entitled \u201cGenius Loci &#8211; The Spirit of the Place\u201d [&hellip;]<\/p>","protected":false},"author":1,"featured_media":0,"parent":0,"menu_order":0,"comment_status":"closed","ping_status":"closed","template":"elementor_header_footer","meta":{"_acf_changed":false,"footnotes":""},"page-category":[],"class_list":["post-3985","page","type-page","status-publish","hentry"],"acf":[],"yoast_head":"<!-- This site is optimized with the Yoast SEO Premium plugin v26.2 (Yoast SEO v26.6) - https:\/\/yoast.com\/wordpress\/plugins\/seo\/ -->\n<title>Blog | Edit Hermkens painter, artist | Exhibitions, articles, posts<\/title>\n<meta name=\"description\" content=\"This is the official blog page of Edit Hermkens. Check all the articles, information about exhibitions, and post about paintings and art.\" \/>\n<meta name=\"robots\" content=\"index, follow, max-snippet:-1, max-image-preview:large, max-video-preview:-1\" \/>\n<link rel=\"canonical\" href=\"https:\/\/edithermkens.com\/hu\/blog\/\" \/>\n<meta property=\"og:locale\" content=\"hu_HU\" \/>\n<meta property=\"og:type\" content=\"article\" \/>\n<meta property=\"og:title\" content=\"Blog\" \/>\n<meta property=\"og:description\" content=\"This is the official blog page of Edit Hermkens. Check all the articles, information about exhibitions, and post about paintings and art.\" \/>\n<meta property=\"og:url\" content=\"https:\/\/edithermkens.com\/hu\/blog\/\" \/>\n<meta property=\"og:site_name\" content=\"Edit Hermkens\" \/>\n<meta property=\"article:modified_time\" content=\"2025-03-10T05:37:57+00:00\" \/>\n<meta property=\"og:image\" content=\"https:\/\/edithermkens.com\/wp-content\/uploads\/2024\/11\/3.Ageless-Rome-River-Bank-96-x-90-cm-oil-on-wood-fiber-2022.jpg\" \/>\n<meta name=\"twitter:card\" content=\"summary_large_image\" \/>\n<script type=\"application\/ld+json\" class=\"yoast-schema-graph\">{\"@context\":\"https:\/\/schema.org\",\"@graph\":[{\"@type\":\"WebPage\",\"@id\":\"https:\/\/edithermkens.com\/blog\/\",\"url\":\"https:\/\/edithermkens.com\/blog\/\",\"name\":\"Blog | Edit Hermkens painter, artist | Exhibitions, articles, posts\",\"isPartOf\":{\"@id\":\"https:\/\/edithermkens.com\/#website\"},\"primaryImageOfPage\":{\"@id\":\"https:\/\/edithermkens.com\/blog\/#primaryimage\"},\"image\":{\"@id\":\"https:\/\/edithermkens.com\/blog\/#primaryimage\"},\"thumbnailUrl\":\"https:\/\/edithermkens.com\/wp-content\/uploads\/2024\/11\/3.Ageless-Rome-River-Bank-96-x-90-cm-oil-on-wood-fiber-2022.jpg\",\"datePublished\":\"2024-11-25T08:05:27+00:00\",\"dateModified\":\"2025-03-10T05:37:57+00:00\",\"description\":\"This is the official blog page of Edit Hermkens. Check all the articles, information about exhibitions, and post about paintings and art.\",\"breadcrumb\":{\"@id\":\"https:\/\/edithermkens.com\/blog\/#breadcrumb\"},\"inLanguage\":\"hu\",\"potentialAction\":[{\"@type\":\"ReadAction\",\"target\":[\"https:\/\/edithermkens.com\/blog\/\"]}]},{\"@type\":\"ImageObject\",\"inLanguage\":\"hu\",\"@id\":\"https:\/\/edithermkens.com\/blog\/#primaryimage\",\"url\":\"https:\/\/edithermkens.com\/wp-content\/uploads\/2024\/11\/3.Ageless-Rome-River-Bank-96-x-90-cm-oil-on-wood-fiber-2022.jpg\",\"contentUrl\":\"https:\/\/edithermkens.com\/wp-content\/uploads\/2024\/11\/3.Ageless-Rome-River-Bank-96-x-90-cm-oil-on-wood-fiber-2022.jpg\"},{\"@type\":\"BreadcrumbList\",\"@id\":\"https:\/\/edithermkens.com\/blog\/#breadcrumb\",\"itemListElement\":[{\"@type\":\"ListItem\",\"position\":1,\"name\":\"Home\",\"item\":\"https:\/\/edithermkens.com\/\"},{\"@type\":\"ListItem\",\"position\":2,\"name\":\"Blog\"}]},{\"@type\":\"WebSite\",\"@id\":\"https:\/\/edithermkens.com\/#website\",\"url\":\"https:\/\/edithermkens.com\/\",\"name\":\"Edit Hermkens - painter, artist\",\"description\":\"Edit Hermkens - painter, artist\",\"alternateName\":\"Edit Hermkens - painter, artist\",\"potentialAction\":[{\"@type\":\"SearchAction\",\"target\":{\"@type\":\"EntryPoint\",\"urlTemplate\":\"https:\/\/edithermkens.com\/?s={search_term_string}\"},\"query-input\":{\"@type\":\"PropertyValueSpecification\",\"valueRequired\":true,\"valueName\":\"search_term_string\"}}],\"inLanguage\":\"hu\"}]}<\/script>\n<!-- \/ Yoast SEO Premium plugin. -->","yoast_head_json":{"title":"Blog | Edit Hermkens painter, artist | Exhibitions, articles, posts","description":"This is the official blog page of Edit Hermkens. Check all the articles, information about exhibitions, and post about paintings and art.","robots":{"index":"index","follow":"follow","max-snippet":"max-snippet:-1","max-image-preview":"max-image-preview:large","max-video-preview":"max-video-preview:-1"},"canonical":"https:\/\/edithermkens.com\/hu\/blog\/","og_locale":"hu_HU","og_type":"article","og_title":"Blog","og_description":"This is the official blog page of Edit Hermkens. Check all the articles, information about exhibitions, and post about paintings and art.","og_url":"https:\/\/edithermkens.com\/hu\/blog\/","og_site_name":"Edit Hermkens","article_modified_time":"2025-03-10T05:37:57+00:00","og_image":[{"url":"https:\/\/edithermkens.com\/wp-content\/uploads\/2024\/11\/3.Ageless-Rome-River-Bank-96-x-90-cm-oil-on-wood-fiber-2022.jpg","type":"","width":"","height":""}],"twitter_card":"summary_large_image","schema":{"@context":"https:\/\/schema.org","@graph":[{"@type":"WebPage","@id":"https:\/\/edithermkens.com\/blog\/","url":"https:\/\/edithermkens.com\/blog\/","name":"Blog | Edit Hermkens painter, artist | Exhibitions, articles, posts","isPartOf":{"@id":"https:\/\/edithermkens.com\/#website"},"primaryImageOfPage":{"@id":"https:\/\/edithermkens.com\/blog\/#primaryimage"},"image":{"@id":"https:\/\/edithermkens.com\/blog\/#primaryimage"},"thumbnailUrl":"https:\/\/edithermkens.com\/wp-content\/uploads\/2024\/11\/3.Ageless-Rome-River-Bank-96-x-90-cm-oil-on-wood-fiber-2022.jpg","datePublished":"2024-11-25T08:05:27+00:00","dateModified":"2025-03-10T05:37:57+00:00","description":"This is the official blog page of Edit Hermkens. Check all the articles, information about exhibitions, and post about paintings and art.","breadcrumb":{"@id":"https:\/\/edithermkens.com\/blog\/#breadcrumb"},"inLanguage":"hu","potentialAction":[{"@type":"ReadAction","target":["https:\/\/edithermkens.com\/blog\/"]}]},{"@type":"ImageObject","inLanguage":"hu","@id":"https:\/\/edithermkens.com\/blog\/#primaryimage","url":"https:\/\/edithermkens.com\/wp-content\/uploads\/2024\/11\/3.Ageless-Rome-River-Bank-96-x-90-cm-oil-on-wood-fiber-2022.jpg","contentUrl":"https:\/\/edithermkens.com\/wp-content\/uploads\/2024\/11\/3.Ageless-Rome-River-Bank-96-x-90-cm-oil-on-wood-fiber-2022.jpg"},{"@type":"BreadcrumbList","@id":"https:\/\/edithermkens.com\/blog\/#breadcrumb","itemListElement":[{"@type":"ListItem","position":1,"name":"Home","item":"https:\/\/edithermkens.com\/"},{"@type":"ListItem","position":2,"name":"Blog"}]},{"@type":"WebSite","@id":"https:\/\/edithermkens.com\/#website","url":"https:\/\/edithermkens.com\/","name":"Edit Hermkens - painter, artist","description":"Edit Hermkens - painter, artist","alternateName":"Edit Hermkens - painter, artist","potentialAction":[{"@type":"SearchAction","target":{"@type":"EntryPoint","urlTemplate":"https:\/\/edithermkens.com\/?s={search_term_string}"},"query-input":{"@type":"PropertyValueSpecification","valueRequired":true,"valueName":"search_term_string"}}],"inLanguage":"hu"}]}},"_links":{"self":[{"href":"https:\/\/edithermkens.com\/hu\/wp-json\/wp\/v2\/pages\/3985","targetHints":{"allow":["GET"]}}],"collection":[{"href":"https:\/\/edithermkens.com\/hu\/wp-json\/wp\/v2\/pages"}],"about":[{"href":"https:\/\/edithermkens.com\/hu\/wp-json\/wp\/v2\/types\/page"}],"author":[{"embeddable":true,"href":"https:\/\/edithermkens.com\/hu\/wp-json\/wp\/v2\/users\/1"}],"replies":[{"embeddable":true,"href":"https:\/\/edithermkens.com\/hu\/wp-json\/wp\/v2\/comments?post=3985"}],"version-history":[{"count":43,"href":"https:\/\/edithermkens.com\/hu\/wp-json\/wp\/v2\/pages\/3985\/revisions"}],"predecessor-version":[{"id":5345,"href":"https:\/\/edithermkens.com\/hu\/wp-json\/wp\/v2\/pages\/3985\/revisions\/5345"}],"wp:attachment":[{"href":"https:\/\/edithermkens.com\/hu\/wp-json\/wp\/v2\/media?parent=3985"}],"wp:term":[{"taxonomy":"page-category","embeddable":true,"href":"https:\/\/edithermkens.com\/hu\/wp-json\/wp\/v2\/page-category?post=3985"}],"curies":[{"name":"wp","href":"https:\/\/api.w.org\/{rel}","templated":true}]}}