{"id":4625,"date":"2025-01-11T19:58:17","date_gmt":"2025-01-11T18:58:17","guid":{"rendered":"https:\/\/edithermkens.com\/?page_id=4625"},"modified":"2025-03-10T08:07:04","modified_gmt":"2025-03-10T07:07:04","slug":"impressum","status":"publish","type":"page","link":"https:\/\/edithermkens.com\/hu\/impressum\/","title":{"rendered":"Impressum"},"content":{"rendered":"<div data-elementor-type=\"wp-page\" data-elementor-id=\"4625\" class=\"elementor elementor-4625\" data-elementor-post-type=\"page\">\n\t\t\t\t<div class=\"elementor-element elementor-element-c010a18 e-flex e-con-boxed e-con e-parent\" data-id=\"c010a18\" data-element_type=\"container\">\n\t\t\t\t\t<div class=\"e-con-inner\">\n\t\t\t\t<div class=\"elementor-element elementor-element-3f8e42a elementor-widget elementor-widget-qi_addons_for_elementor_section_title\" data-id=\"3f8e42a\" data-element_type=\"widget\" data-widget_type=\"qi_addons_for_elementor_section_title.default\">\n\t\t\t\t<div class=\"elementor-widget-container\">\n\t\t\t\t\t<div class=\"qodef-shortcode qodef-m qodef-qi-section-title qodef-decoration--italic qodef-link--underline-draw qodef-subtitle-icon--left\">\n\t\t\t<h1 class=\"qodef-m-title\">\n\t\tImpressum\t<\/h1>\n\t\t\t\t\t\t<\/div>\n\t\t\t\t<\/div>\n\t\t\t\t<\/div>\n\t\t\t\t\t<\/div>\n\t\t\t\t<\/div>\n\t\t<div class=\"elementor-element elementor-element-2c593b0 e-flex e-con-boxed e-con e-parent\" data-id=\"2c593b0\" data-element_type=\"container\">\n\t\t\t\t\t<div class=\"e-con-inner\">\n\t\t\t\t<div class=\"elementor-element elementor-element-c40d2d6 elementor-widget elementor-widget-text-editor\" data-id=\"c40d2d6\" data-element_type=\"widget\" data-widget_type=\"text-editor.default\">\n\t\t\t\t<div class=\"elementor-widget-container\">\n\t\t\t\t\t\t\t\t\t<p data-pm-slice=\"1 1 []\"><strong>Weboldal tulajdonosa:<\/strong><\/p><p data-pm-slice=\"1 1 []\">Edit Hermkens<\/p><p data-pm-slice=\"1 1 []\"><strong>Kapcsolattart\u00e1si inform\u00e1ci\u00f3k:<\/strong><\/p><p>E-mail: hello@edithermkens.com<br \/>Telefon: +36-30\/972-1668<br \/>Website: edithermkens.com<\/p><p><strong>Tartalmi felel\u0151s:<\/strong><\/p><p>Edit Hermkens<br \/><strong>Felel\u0151ss\u00e9gi nyilatkozat:<\/strong><\/p><p>Ezen a weboldalon tal\u00e1lhat\u00f3 inform\u00e1ci\u00f3k csak \u00e1ltal\u00e1nos t\u00e1j\u00e9koztat\u00f3 jelleg\u0171ek. B\u00e1r minden er\u0151fesz\u00edt\u00e9st megtesz\u00fcnk az inform\u00e1ci\u00f3k pontoss\u00e1g\u00e1nak biztos\u00edt\u00e1sa \u00e9rdek\u00e9ben, az esetleges hib\u00e1k\u00e9rt vagy kihagy\u00e1sok\u00e9rt nem v\u00e1llalhat\u00f3 felel\u0151ss\u00e9g.<\/p><p><strong>Szerz\u0151i jogi nyilatkozat:<\/strong><\/p><p>A weboldalon tal\u00e1lhat\u00f3 minden tartalom, bele\u00e9rtve, de nem kiz\u00e1r\u00f3lagosan a sz\u00f6veget, k\u00e9peket, grafik\u00e1kat \u00e9s a designt, az [\u00d6n neve\/m\u0171v\u00e9sz neve] tulajdon\u00e1t k\u00e9pezi, \u00e9s szerz\u0151i jogi v\u00e9delem alatt \u00e1ll. E tartalom jogosulatlan felhaszn\u00e1l\u00e1sa, reproduk\u00e1l\u00e1sa vagy terjeszt\u00e9se el\u0151zetes \u00edr\u00e1sbeli enged\u00e9ly n\u00e9lk\u00fcl tilos.<\/p><div><hr \/><\/div>\t\t\t\t\t\t\t\t<\/div>\n\t\t\t\t<\/div>\n\t\t\t\t\t<\/div>\n\t\t\t\t<\/div>\n\t\t\t\t<\/div>","protected":false},"excerpt":{"rendered":"<p>Website Owner: Edit Hermkens Contact Information: Email: hello@edithermkens.comPhone: +36-30\/972-1668Website: edithermkens.com Responsible for Content: Edit HermkensDisclaimer: The information provided on this website is for general informational purposes only. While every effort is made to ensure the accuracy of the information, no [&hellip;]<\/p>","protected":false},"author":1,"featured_media":0,"parent":0,"menu_order":0,"comment_status":"closed","ping_status":"closed","template":"","meta":{"_acf_changed":false,"footnotes":""},"page-category":[],"class_list":["post-4625","page","type-page","status-publish","hentry"],"acf":[],"yoast_head":"<!-- This site is optimized with the Yoast SEO Premium plugin v26.2 (Yoast SEO v26.6) - https:\/\/yoast.com\/wordpress\/plugins\/seo\/ -->\n<title>Impressum | Edit Hermkens | Painter, artist<\/title>\n<meta name=\"description\" content=\"This is the Impressum page of Edit Hermkens. Painter and artist. Check all the paintings.\" \/>\n<meta name=\"robots\" content=\"index, follow, max-snippet:-1, max-image-preview:large, max-video-preview:-1\" \/>\n<link rel=\"canonical\" href=\"https:\/\/edithermkens.com\/hu\/impressum\/\" \/>\n<meta property=\"og:locale\" content=\"hu_HU\" \/>\n<meta property=\"og:type\" content=\"article\" \/>\n<meta property=\"og:title\" content=\"Impressum\" \/>\n<meta property=\"og:description\" content=\"This is the Impressum page of Edit Hermkens. Painter and artist. Check all the paintings.\" \/>\n<meta property=\"og:url\" content=\"https:\/\/edithermkens.com\/hu\/impressum\/\" \/>\n<meta property=\"og:site_name\" content=\"Edit Hermkens\" \/>\n<meta property=\"article:modified_time\" content=\"2025-03-10T07:07:04+00:00\" \/>\n<meta name=\"twitter:card\" content=\"summary_large_image\" \/>\n<script type=\"application\/ld+json\" class=\"yoast-schema-graph\">{\"@context\":\"https:\/\/schema.org\",\"@graph\":[{\"@type\":\"WebPage\",\"@id\":\"https:\/\/edithermkens.com\/impressum\/\",\"url\":\"https:\/\/edithermkens.com\/impressum\/\",\"name\":\"Impressum | Edit Hermkens | Painter, artist\",\"isPartOf\":{\"@id\":\"https:\/\/edithermkens.com\/#website\"},\"datePublished\":\"2025-01-11T18:58:17+00:00\",\"dateModified\":\"2025-03-10T07:07:04+00:00\",\"description\":\"This is the Impressum page of Edit Hermkens. Painter and artist. Check all the paintings.\",\"breadcrumb\":{\"@id\":\"https:\/\/edithermkens.com\/impressum\/#breadcrumb\"},\"inLanguage\":\"hu\",\"potentialAction\":[{\"@type\":\"ReadAction\",\"target\":[\"https:\/\/edithermkens.com\/impressum\/\"]}]},{\"@type\":\"BreadcrumbList\",\"@id\":\"https:\/\/edithermkens.com\/impressum\/#breadcrumb\",\"itemListElement\":[{\"@type\":\"ListItem\",\"position\":1,\"name\":\"Home\",\"item\":\"https:\/\/edithermkens.com\/\"},{\"@type\":\"ListItem\",\"position\":2,\"name\":\"Impressum\"}]},{\"@type\":\"WebSite\",\"@id\":\"https:\/\/edithermkens.com\/#website\",\"url\":\"https:\/\/edithermkens.com\/\",\"name\":\"Edit Hermkens - painter, artist\",\"description\":\"Edit Hermkens - painter, artist\",\"alternateName\":\"Edit Hermkens - painter, artist\",\"potentialAction\":[{\"@type\":\"SearchAction\",\"target\":{\"@type\":\"EntryPoint\",\"urlTemplate\":\"https:\/\/edithermkens.com\/?s={search_term_string}\"},\"query-input\":{\"@type\":\"PropertyValueSpecification\",\"valueRequired\":true,\"valueName\":\"search_term_string\"}}],\"inLanguage\":\"hu\"}]}<\/script>\n<!-- \/ Yoast SEO Premium plugin. -->","yoast_head_json":{"title":"Impressum | Edit Hermkens | Painter, artist","description":"This is the Impressum page of Edit Hermkens. Painter and artist. Check all the paintings.","robots":{"index":"index","follow":"follow","max-snippet":"max-snippet:-1","max-image-preview":"max-image-preview:large","max-video-preview":"max-video-preview:-1"},"canonical":"https:\/\/edithermkens.com\/hu\/impressum\/","og_locale":"hu_HU","og_type":"article","og_title":"Impressum","og_description":"This is the Impressum page of Edit Hermkens. Painter and artist. Check all the paintings.","og_url":"https:\/\/edithermkens.com\/hu\/impressum\/","og_site_name":"Edit Hermkens","article_modified_time":"2025-03-10T07:07:04+00:00","twitter_card":"summary_large_image","schema":{"@context":"https:\/\/schema.org","@graph":[{"@type":"WebPage","@id":"https:\/\/edithermkens.com\/impressum\/","url":"https:\/\/edithermkens.com\/impressum\/","name":"Impressum | Edit Hermkens | Painter, artist","isPartOf":{"@id":"https:\/\/edithermkens.com\/#website"},"datePublished":"2025-01-11T18:58:17+00:00","dateModified":"2025-03-10T07:07:04+00:00","description":"This is the Impressum page of Edit Hermkens. Painter and artist. Check all the paintings.","breadcrumb":{"@id":"https:\/\/edithermkens.com\/impressum\/#breadcrumb"},"inLanguage":"hu","potentialAction":[{"@type":"ReadAction","target":["https:\/\/edithermkens.com\/impressum\/"]}]},{"@type":"BreadcrumbList","@id":"https:\/\/edithermkens.com\/impressum\/#breadcrumb","itemListElement":[{"@type":"ListItem","position":1,"name":"Home","item":"https:\/\/edithermkens.com\/"},{"@type":"ListItem","position":2,"name":"Impressum"}]},{"@type":"WebSite","@id":"https:\/\/edithermkens.com\/#website","url":"https:\/\/edithermkens.com\/","name":"Edit Hermkens - painter, artist","description":"Edit Hermkens - painter, artist","alternateName":"Edit Hermkens - painter, artist","potentialAction":[{"@type":"SearchAction","target":{"@type":"EntryPoint","urlTemplate":"https:\/\/edithermkens.com\/?s={search_term_string}"},"query-input":{"@type":"PropertyValueSpecification","valueRequired":true,"valueName":"search_term_string"}}],"inLanguage":"hu"}]}},"_links":{"self":[{"href":"https:\/\/edithermkens.com\/hu\/wp-json\/wp\/v2\/pages\/4625","targetHints":{"allow":["GET"]}}],"collection":[{"href":"https:\/\/edithermkens.com\/hu\/wp-json\/wp\/v2\/pages"}],"about":[{"href":"https:\/\/edithermkens.com\/hu\/wp-json\/wp\/v2\/types\/page"}],"author":[{"embeddable":true,"href":"https:\/\/edithermkens.com\/hu\/wp-json\/wp\/v2\/users\/1"}],"replies":[{"embeddable":true,"href":"https:\/\/edithermkens.com\/hu\/wp-json\/wp\/v2\/comments?post=4625"}],"version-history":[{"count":16,"href":"https:\/\/edithermkens.com\/hu\/wp-json\/wp\/v2\/pages\/4625\/revisions"}],"predecessor-version":[{"id":5381,"href":"https:\/\/edithermkens.com\/hu\/wp-json\/wp\/v2\/pages\/4625\/revisions\/5381"}],"wp:attachment":[{"href":"https:\/\/edithermkens.com\/hu\/wp-json\/wp\/v2\/media?parent=4625"}],"wp:term":[{"taxonomy":"page-category","embeddable":true,"href":"https:\/\/edithermkens.com\/hu\/wp-json\/wp\/v2\/page-category?post=4625"}],"curies":[{"name":"wp","href":"https:\/\/api.w.org\/{rel}","templated":true}]}}